{"id":639,"date":"2025-03-28T10:29:10","date_gmt":"2025-03-28T10:29:10","guid":{"rendered":"http:\/\/com-art.sandrine-consulting.com\/stage-shows"},"modified":"2025-05-06T15:33:06","modified_gmt":"2025-05-06T15:33:06","slug":"communication-digitale","status":"publish","type":"page","link":"https:\/\/com-art.sandrine-consulting.com\/en\/communication-digitale\/","title":{"rendered":"DIGITAL COMMUNICATION"},"content":{"rendered":"<div data-elementor-type=\"wp-page\" data-elementor-id=\"639\" class=\"elementor elementor-639\">\n\t\t\t\t<div class=\"elementor-element elementor-element-8a28145 e-flex e-con-boxed e-con e-parent\" data-id=\"8a28145\" data-element_type=\"container\" data-settings=\"{&quot;background_background&quot;:&quot;classic&quot;}\">\n\t\t\t\t\t<div class=\"e-con-inner\">\n\t\t<div class=\"elementor-element elementor-element-f84bc5b e-con-full e-flex e-con e-child\" data-id=\"f84bc5b\" data-element_type=\"container\">\n\t\t\t\t<div class=\"elementor-element elementor-element-7f22261 elementor-widget elementor-widget-heading\" data-id=\"7f22261\" data-element_type=\"widget\" data-widget_type=\"heading.default\">\n\t\t\t\t<div class=\"elementor-widget-container\">\n\t\t\t\t\t<h6 class=\"elementor-heading-title elementor-size-default\">Make yourself visible<\/h6>\t\t\t\t<\/div>\n\t\t\t\t<\/div>\n\t\t\t\t<div class=\"elementor-element elementor-element-9e098e3 elementor-widget elementor-widget-heading\" data-id=\"9e098e3\" data-element_type=\"widget\" data-widget_type=\"heading.default\">\n\t\t\t\t<div class=\"elementor-widget-container\">\n\t\t\t\t\t<h1 class=\"elementor-heading-title elementor-size-default\">Digital communication strategy<\/h1>\t\t\t\t<\/div>\n\t\t\t\t<\/div>\n\t\t\t\t<\/div>\n\t\t\t\t\t<\/div>\n\t\t\t\t<\/div>\n\t\t<div class=\"elementor-element elementor-element-07eab24 e-flex e-con-boxed e-con e-parent\" data-id=\"07eab24\" data-element_type=\"container\">\n\t\t\t\t\t<div class=\"e-con-inner\">\n\t\t\t\t<div class=\"elementor-element elementor-element-009d690 elementor-widget elementor-widget-spacer\" data-id=\"009d690\" data-element_type=\"widget\" data-widget_type=\"spacer.default\">\n\t\t\t\t<div class=\"elementor-widget-container\">\n\t\t\t\t\t\t\t<div class=\"elementor-spacer\">\n\t\t\t<div class=\"elementor-spacer-inner\"><\/div>\n\t\t<\/div>\n\t\t\t\t\t\t<\/div>\n\t\t\t\t<\/div>\n\t\t\t\t\t<\/div>\n\t\t\t\t<\/div>\n\t\t<div class=\"elementor-element elementor-element-ae439a7 e-flex e-con-boxed e-con e-parent\" data-id=\"ae439a7\" data-element_type=\"container\">\n\t\t\t\t\t<div class=\"e-con-inner\">\n\t\t\t\t<div class=\"elementor-element elementor-element-d033ee6 elementor-widget elementor-widget-heading\" data-id=\"d033ee6\" data-element_type=\"widget\" data-widget_type=\"heading.default\">\n\t\t\t\t<div class=\"elementor-widget-container\">\n\t\t\t\t\t<h2 class=\"elementor-heading-title elementor-size-default\">Define a consistent and engaging presence on the web and social networks<\/h2>\t\t\t\t<\/div>\n\t\t\t\t<\/div>\n\t\t\t\t\t<\/div>\n\t\t\t\t<\/div>\n\t\t<div class=\"elementor-element elementor-element-bb83950 e-flex e-con-boxed e-con e-parent\" data-id=\"bb83950\" data-element_type=\"container\">\n\t\t\t\t\t<div class=\"e-con-inner\">\n\t\t\t\t<div class=\"elementor-element elementor-element-c5bea08 elementor-widget elementor-widget-spacer\" data-id=\"c5bea08\" data-element_type=\"widget\" data-widget_type=\"spacer.default\">\n\t\t\t\t<div class=\"elementor-widget-container\">\n\t\t\t\t\t\t\t<div class=\"elementor-spacer\">\n\t\t\t<div class=\"elementor-spacer-inner\"><\/div>\n\t\t<\/div>\n\t\t\t\t\t\t<\/div>\n\t\t\t\t<\/div>\n\t\t\t\t\t<\/div>\n\t\t\t\t<\/div>\n\t\t<div class=\"elementor-element elementor-element-888dd40 e-flex e-con-boxed e-con e-parent\" data-id=\"888dd40\" data-element_type=\"container\" data-settings=\"{&quot;background_background&quot;:&quot;classic&quot;}\">\n\t\t\t\t\t<div class=\"e-con-inner\">\n\t\t\t\t<div class=\"elementor-element elementor-element-fa7ed10 elementor-widget elementor-widget-spacer\" data-id=\"fa7ed10\" data-element_type=\"widget\" data-widget_type=\"spacer.default\">\n\t\t\t\t<div class=\"elementor-widget-container\">\n\t\t\t\t\t\t\t<div class=\"elementor-spacer\">\n\t\t\t<div class=\"elementor-spacer-inner\"><\/div>\n\t\t<\/div>\n\t\t\t\t\t\t<\/div>\n\t\t\t\t<\/div>\n\t\t\t\t<div class=\"elementor-element elementor-element-cad7f96 elementor-widget elementor-widget-heading\" data-id=\"cad7f96\" data-element_type=\"widget\" data-widget_type=\"heading.default\">\n\t\t\t\t<div class=\"elementor-widget-container\">\n\t\t\t\t\t<h5 class=\"elementor-heading-title elementor-size-default\">Your talent deserves to be seen, understood, and shared. That's where digital communication comes in. I help you define a clear strategy, aligned with your goals, your visual world, and your artistic sensibility. The challenge: to showcase your art online, capture the public's attention, and generate interactions and opportunities.\n\n<\/h5>\t\t\t\t<\/div>\n\t\t\t\t<\/div>\n\t\t\t\t<div class=\"elementor-element elementor-element-3da4c16 elementor-widget elementor-widget-spacer\" data-id=\"3da4c16\" data-element_type=\"widget\" data-widget_type=\"spacer.default\">\n\t\t\t\t<div class=\"elementor-widget-container\">\n\t\t\t\t\t\t\t<div class=\"elementor-spacer\">\n\t\t\t<div class=\"elementor-spacer-inner\"><\/div>\n\t\t<\/div>\n\t\t\t\t\t\t<\/div>\n\t\t\t\t<\/div>\n\t\t\t\t\t<\/div>\n\t\t\t\t<\/div>\n\t\t<div class=\"elementor-element elementor-element-458458f e-flex e-con-boxed e-con e-parent\" data-id=\"458458f\" data-element_type=\"container\" data-settings=\"{&quot;background_background&quot;:&quot;classic&quot;}\">\n\t\t\t\t\t<div class=\"e-con-inner\">\n\t\t<div class=\"elementor-element elementor-element-af43884 e-con-full e-flex e-con e-child\" data-id=\"af43884\" data-element_type=\"container\">\n\t\t\t\t<div class=\"elementor-element elementor-element-efb073b elementor-widget elementor-widget-heading\" data-id=\"efb073b\" data-element_type=\"widget\" data-widget_type=\"heading.default\">\n\t\t\t\t<div class=\"elementor-widget-container\">\n\t\t\t\t\t<h5 class=\"elementor-heading-title elementor-size-default\">Together we work on:<\/h5>\t\t\t\t<\/div>\n\t\t\t\t<\/div>\n\t\t\t\t<\/div>\n\t\t<div class=\"elementor-element elementor-element-138595f e-con-full e-flex e-con e-child\" data-id=\"138595f\" data-element_type=\"container\">\n\t\t\t\t<div class=\"elementor-element elementor-element-8903513 elementor-widget elementor-widget-text-editor\" data-id=\"8903513\" data-element_type=\"widget\" data-widget_type=\"text-editor.default\">\n\t\t\t\t<div class=\"elementor-widget-container\">\n\t\t\t\t\t\t\t\t\t<ul data-start=\"2054\" data-end=\"2408\"><li class=\"\" data-start=\"2054\" data-end=\"2100\"><p class=\"\" data-start=\"2056\" data-end=\"2100\">Positioning your artist image<\/p><\/li><li class=\"\" data-start=\"2101\" data-end=\"2144\"><p class=\"\" data-start=\"2103\" data-end=\"2144\">The consistency of your online identity<\/p><\/li><li class=\"\" data-start=\"2145\" data-end=\"2232\"><p class=\"\" data-start=\"2147\" data-end=\"2232\">Choosing the right channels (Instagram, Facebook, website, newsletter, art platform, etc.)<\/p><\/li><li class=\"\" data-start=\"2233\" data-end=\"2302\"><p class=\"\" data-start=\"2235\" data-end=\"2302\">The creation of suitable content (images, texts, stories, videos)<\/p><\/li><li class=\"\" data-start=\"2303\" data-end=\"2343\"><p class=\"\" data-start=\"2305\" data-end=\"2343\">A personalized editorial calendar<\/p><\/li><li class=\"\" data-start=\"2344\" data-end=\"2408\"><p class=\"\" data-start=\"2346\" data-end=\"2408\">The Basics of Online Advertising to Amplify Your Reach<\/p><\/li><\/ul>\t\t\t\t\t\t\t\t<\/div>\n\t\t\t\t<\/div>\n\t\t\t\t<\/div>\n\t\t\t\t\t<\/div>\n\t\t\t\t<\/div>\n\t\t<div class=\"elementor-element elementor-element-1515206 e-flex e-con-boxed e-con e-parent\" data-id=\"1515206\" data-element_type=\"container\">\n\t\t\t\t\t<div class=\"e-con-inner\">\n\t\t\t\t<div class=\"elementor-element elementor-element-35475c7 elementor-widget elementor-widget-spacer\" data-id=\"35475c7\" data-element_type=\"widget\" data-widget_type=\"spacer.default\">\n\t\t\t\t<div class=\"elementor-widget-container\">\n\t\t\t\t\t\t\t<div class=\"elementor-spacer\">\n\t\t\t<div class=\"elementor-spacer-inner\"><\/div>\n\t\t<\/div>\n\t\t\t\t\t\t<\/div>\n\t\t\t\t<\/div>\n\t\t\t\t\t<\/div>\n\t\t\t\t<\/div>\n\t\t<div class=\"elementor-element elementor-element-30fcd1f e-flex e-con-boxed e-con e-parent\" data-id=\"30fcd1f\" data-element_type=\"container\">\n\t\t\t\t\t<div class=\"e-con-inner\">\n\t\t<div class=\"elementor-element elementor-element-0b2dba3 e-con-full e-flex e-con e-child\" data-id=\"0b2dba3\" data-element_type=\"container\">\n\t\t\t\t<div class=\"elementor-element elementor-element-ac73c65 elementor-widget__width-initial elementor-widget elementor-widget-heading\" data-id=\"ac73c65\" data-element_type=\"widget\" data-widget_type=\"heading.default\">\n\t\t\t\t<div class=\"elementor-widget-container\">\n\t\t\t\t\t<h5 class=\"elementor-heading-title elementor-size-default\">I also offer support in creating your professional pages or profiles on social networks, with impactful visuals and a clear biography.<\/h5>\t\t\t\t<\/div>\n\t\t\t\t<\/div>\n\t\t\t\t<\/div>\n\t\t<div class=\"elementor-element elementor-element-eb9ff3c e-con-full e-flex e-con e-child\" data-id=\"eb9ff3c\" data-element_type=\"container\">\n\t\t\t\t<div class=\"elementor-element elementor-element-a8d913b elementor-widget elementor-widget-button\" data-id=\"a8d913b\" data-element_type=\"widget\" data-widget_type=\"button.default\">\n\t\t\t\t<div class=\"elementor-widget-container\">\n\t\t\t\t\t\t\t\t\t<div class=\"elementor-button-wrapper\">\n\t\t\t\t\t<a class=\"elementor-button elementor-button-link elementor-size-sm\" href=\"http:\/\/com-art.sandrine-consulting.com\/en\/contact\/\">\n\t\t\t\t\t\t<span class=\"elementor-button-content-wrapper\">\n\t\t\t\t\t\t\t\t\t<span class=\"elementor-button-text\">Let's discuss it together<\/span>\n\t\t\t\t\t<\/span>\n\t\t\t\t\t<\/a>\n\t\t\t\t<\/div>\n\t\t\t\t\t\t\t\t<\/div>\n\t\t\t\t<\/div>\n\t\t\t\t<\/div>\n\t\t\t\t\t<\/div>\n\t\t\t\t<\/div>\n\t\t<div class=\"elementor-element elementor-element-568c90d e-flex e-con-boxed e-con e-parent\" data-id=\"568c90d\" data-element_type=\"container\">\n\t\t\t\t\t<div class=\"e-con-inner\">\n\t\t\t\t<div class=\"elementor-element elementor-element-0a8ab9d elementor-widget elementor-widget-spacer\" data-id=\"0a8ab9d\" data-element_type=\"widget\" data-widget_type=\"spacer.default\">\n\t\t\t\t<div class=\"elementor-widget-container\">\n\t\t\t\t\t\t\t<div class=\"elementor-spacer\">\n\t\t\t<div class=\"elementor-spacer-inner\"><\/div>\n\t\t<\/div>\n\t\t\t\t\t\t<\/div>\n\t\t\t\t<\/div>\n\t\t\t\t\t<\/div>\n\t\t\t\t<\/div>\n\t\t<div class=\"elementor-element elementor-element-b499c05 e-flex e-con-boxed e-con e-parent\" data-id=\"b499c05\" data-element_type=\"container\">\n\t\t\t\t\t<div class=\"e-con-inner\">\n\t\t\t\t<div class=\"elementor-element elementor-element-d6187df elementor-widget elementor-widget-spacer\" data-id=\"d6187df\" data-element_type=\"widget\" data-widget_type=\"spacer.default\">\n\t\t\t\t<div class=\"elementor-widget-container\">\n\t\t\t\t\t\t\t<div class=\"elementor-spacer\">\n\t\t\t<div class=\"elementor-spacer-inner\"><\/div>\n\t\t<\/div>\n\t\t\t\t\t\t<\/div>\n\t\t\t\t<\/div>\n\t\t\t\t\t<\/div>\n\t\t\t\t<\/div>\n\t\t<div class=\"elementor-element elementor-element-5be442c e-flex e-con-boxed e-con e-parent\" data-id=\"5be442c\" data-element_type=\"container\">\n\t\t\t\t\t<div class=\"e-con-inner\">\n\t\t\t\t<div class=\"elementor-element elementor-element-09db592 elementor-widget elementor-widget-spacer\" data-id=\"09db592\" data-element_type=\"widget\" data-widget_type=\"spacer.default\">\n\t\t\t\t<div class=\"elementor-widget-container\">\n\t\t\t\t\t\t\t<div class=\"elementor-spacer\">\n\t\t\t<div class=\"elementor-spacer-inner\"><\/div>\n\t\t<\/div>\n\t\t\t\t\t\t<\/div>\n\t\t\t\t<\/div>\n\t\t\t\t\t<\/div>\n\t\t\t\t<\/div>\n\t\t\t\t<\/div>","protected":false},"excerpt":{"rendered":"<p>Vous rendre visible Strat\u00e9gie de communication digitale D\u00e9finir une pr\u00e9sence coh\u00e9rente et engageante sur le web et les r\u00e9seaux sociaux Votre talent m\u00e9rite d\u2019\u00eatre vu, compris et partag\u00e9. C\u2019est l\u00e0 que la communication digitale entre en jeu. Je vous aide \u00e0 d\u00e9finir une strat\u00e9gie claire, align\u00e9e avec vos objectifs, votre univers visuel et votre sensibilit\u00e9 [&hellip;]<\/p>","protected":false},"author":1,"featured_media":0,"parent":0,"menu_order":0,"comment_status":"closed","ping_status":"closed","template":"","meta":{"site-sidebar-layout":"no-sidebar","site-content-layout":"page-builder","ast-site-content-layout":"full-width-container","site-content-style":"unboxed","site-sidebar-style":"unboxed","ast-global-header-display":"","ast-banner-title-visibility":"","ast-main-header-display":"","ast-hfb-above-header-display":"","ast-hfb-below-header-display":"","ast-hfb-mobile-header-display":"","site-post-title":"disabled","ast-breadcrumbs-content":"disabled","ast-featured-img":"disabled","footer-sml-layout":"","theme-transparent-header-meta":"disabled","adv-header-id-meta":"","stick-header-meta":"","header-above-stick-meta":"","header-main-stick-meta":"","header-below-stick-meta":"","astra-migrate-meta-layouts":"set","ast-page-background-enabled":"default","ast-page-background-meta":{"desktop":{"background-color":"","background-image":"","background-repeat":"repeat","background-position":"center center","background-size":"auto","background-attachment":"scroll","background-type":"","background-media":"","overlay-type":"","overlay-color":"","overlay-opacity":"","overlay-gradient":""},"tablet":{"background-color":"","background-image":"","background-repeat":"repeat","background-position":"center center","background-size":"auto","background-attachment":"scroll","background-type":"","background-media":"","overlay-type":"","overlay-color":"","overlay-opacity":"","overlay-gradient":""},"mobile":{"background-color":"","background-image":"","background-repeat":"repeat","background-position":"center center","background-size":"auto","background-attachment":"scroll","background-type":"","background-media":"","overlay-type":"","overlay-color":"","overlay-opacity":"","overlay-gradient":""}},"ast-content-background-meta":{"desktop":{"background-color":"var(--ast-global-color-5)","background-image":"","background-repeat":"repeat","background-position":"center center","background-size":"auto","background-attachment":"scroll","background-type":"","background-media":"","overlay-type":"","overlay-color":"","overlay-opacity":"","overlay-gradient":""},"tablet":{"background-color":"var(--ast-global-color-5)","background-image":"","background-repeat":"repeat","background-position":"center center","background-size":"auto","background-attachment":"scroll","background-type":"","background-media":"","overlay-type":"","overlay-color":"","overlay-opacity":"","overlay-gradient":""},"mobile":{"background-color":"var(--ast-global-color-5)","background-image":"","background-repeat":"repeat","background-position":"center center","background-size":"auto","background-attachment":"scroll","background-type":"","background-media":"","overlay-type":"","overlay-color":"","overlay-opacity":"","overlay-gradient":""}},"footnotes":""},"class_list":["post-639","page","type-page","status-publish","hentry"],"yoast_head":"<!-- This site is optimized with the Yoast SEO plugin v25.9 - https:\/\/yoast.com\/wordpress\/plugins\/seo\/ -->\n<title>Communication digitale - Com Art - Sandrine Consulting<\/title>\n<meta name=\"robots\" content=\"index, follow, max-snippet:-1, max-image-preview:large, max-video-preview:-1\" \/>\n<link rel=\"canonical\" href=\"https:\/\/com-art.sandrine-consulting.com\/en\/communication-digitale\/\" \/>\n<meta property=\"og:locale\" content=\"en_US\" \/>\n<meta property=\"og:type\" content=\"article\" \/>\n<meta property=\"og:title\" content=\"Communication digitale - Com Art - Sandrine Consulting\" \/>\n<meta property=\"og:description\" content=\"Vous rendre visible Strat\u00e9gie de communication digitale D\u00e9finir une pr\u00e9sence coh\u00e9rente et engageante sur le web et les r\u00e9seaux sociaux Votre talent m\u00e9rite d\u2019\u00eatre vu, compris et partag\u00e9. C\u2019est l\u00e0 que la communication digitale entre en jeu. Je vous aide \u00e0 d\u00e9finir une strat\u00e9gie claire, align\u00e9e avec vos objectifs, votre univers visuel et votre sensibilit\u00e9 [&hellip;]\" \/>\n<meta property=\"og:url\" content=\"https:\/\/com-art.sandrine-consulting.com\/en\/communication-digitale\/\" \/>\n<meta property=\"og:site_name\" content=\"Com Art - Sandrine Consulting\" \/>\n<meta property=\"article:modified_time\" content=\"2025-05-06T15:33:06+00:00\" \/>\n<meta name=\"twitter:card\" content=\"summary_large_image\" \/>\n<meta name=\"twitter:label1\" content=\"Est. reading time\" \/>\n\t<meta name=\"twitter:data1\" content=\"1 minute\" \/>\n<script type=\"application\/ld+json\" class=\"yoast-schema-graph\">{\"@context\":\"https:\/\/schema.org\",\"@graph\":[{\"@type\":\"WebPage\",\"@id\":\"https:\/\/com-art.sandrine-consulting.com\/communication-digitale\/\",\"url\":\"https:\/\/com-art.sandrine-consulting.com\/communication-digitale\/\",\"name\":\"Communication digitale - Com Art - Sandrine Consulting\",\"isPartOf\":{\"@id\":\"https:\/\/com-art.sandrine-consulting.com\/#website\"},\"datePublished\":\"2025-03-28T10:29:10+00:00\",\"dateModified\":\"2025-05-06T15:33:06+00:00\",\"breadcrumb\":{\"@id\":\"https:\/\/com-art.sandrine-consulting.com\/communication-digitale\/#breadcrumb\"},\"inLanguage\":\"en-US\",\"potentialAction\":[{\"@type\":\"ReadAction\",\"target\":[\"https:\/\/com-art.sandrine-consulting.com\/communication-digitale\/\"]}]},{\"@type\":\"BreadcrumbList\",\"@id\":\"https:\/\/com-art.sandrine-consulting.com\/communication-digitale\/#breadcrumb\",\"itemListElement\":[{\"@type\":\"ListItem\",\"position\":1,\"name\":\"Accueil\",\"item\":\"https:\/\/com-art.sandrine-consulting.com\/\"},{\"@type\":\"ListItem\",\"position\":2,\"name\":\"Communication digitale\"}]},{\"@type\":\"WebSite\",\"@id\":\"https:\/\/com-art.sandrine-consulting.com\/#website\",\"url\":\"https:\/\/com-art.sandrine-consulting.com\/\",\"name\":\"Com Art Sandrine Consulting\",\"description\":\"Artistes, boostez rapidement votre visibilit\u00e9 !\",\"publisher\":{\"@id\":\"https:\/\/com-art.sandrine-consulting.com\/#organization\"},\"potentialAction\":[{\"@type\":\"SearchAction\",\"target\":{\"@type\":\"EntryPoint\",\"urlTemplate\":\"https:\/\/com-art.sandrine-consulting.com\/?s={search_term_string}\"},\"query-input\":{\"@type\":\"PropertyValueSpecification\",\"valueRequired\":true,\"valueName\":\"search_term_string\"}}],\"inLanguage\":\"en-US\"},{\"@type\":\"Organization\",\"@id\":\"https:\/\/com-art.sandrine-consulting.com\/#organization\",\"name\":\"Com Art Sandrine Consulting\",\"url\":\"https:\/\/com-art.sandrine-consulting.com\/\",\"logo\":{\"@type\":\"ImageObject\",\"inLanguage\":\"en-US\",\"@id\":\"https:\/\/com-art.sandrine-consulting.com\/#\/schema\/logo\/image\/\",\"url\":\"https:\/\/com-art.sandrine-consulting.com\/wp-content\/uploads\/2025\/04\/cropped-cropped-sandrine-consulting-com-art.png\",\"contentUrl\":\"https:\/\/com-art.sandrine-consulting.com\/wp-content\/uploads\/2025\/04\/cropped-cropped-sandrine-consulting-com-art.png\",\"width\":440,\"height\":210,\"caption\":\"Com Art Sandrine Consulting\"},\"image\":{\"@id\":\"https:\/\/com-art.sandrine-consulting.com\/#\/schema\/logo\/image\/\"}}]}<\/script>\n<!-- \/ Yoast SEO plugin. -->","yoast_head_json":{"title":"Communication digitale - Com Art - Sandrine Consulting","robots":{"index":"index","follow":"follow","max-snippet":"max-snippet:-1","max-image-preview":"max-image-preview:large","max-video-preview":"max-video-preview:-1"},"canonical":"https:\/\/com-art.sandrine-consulting.com\/en\/communication-digitale\/","og_locale":"en_US","og_type":"article","og_title":"Communication digitale - Com Art - Sandrine Consulting","og_description":"Vous rendre visible Strat\u00e9gie de communication digitale D\u00e9finir une pr\u00e9sence coh\u00e9rente et engageante sur le web et les r\u00e9seaux sociaux Votre talent m\u00e9rite d\u2019\u00eatre vu, compris et partag\u00e9. C\u2019est l\u00e0 que la communication digitale entre en jeu. Je vous aide \u00e0 d\u00e9finir une strat\u00e9gie claire, align\u00e9e avec vos objectifs, votre univers visuel et votre sensibilit\u00e9 [&hellip;]","og_url":"https:\/\/com-art.sandrine-consulting.com\/en\/communication-digitale\/","og_site_name":"Com Art - Sandrine Consulting","article_modified_time":"2025-05-06T15:33:06+00:00","twitter_card":"summary_large_image","twitter_misc":{"Est. reading time":"1 minute"},"schema":{"@context":"https:\/\/schema.org","@graph":[{"@type":"WebPage","@id":"https:\/\/com-art.sandrine-consulting.com\/communication-digitale\/","url":"https:\/\/com-art.sandrine-consulting.com\/communication-digitale\/","name":"Communication digitale - Com Art - Sandrine Consulting","isPartOf":{"@id":"https:\/\/com-art.sandrine-consulting.com\/#website"},"datePublished":"2025-03-28T10:29:10+00:00","dateModified":"2025-05-06T15:33:06+00:00","breadcrumb":{"@id":"https:\/\/com-art.sandrine-consulting.com\/communication-digitale\/#breadcrumb"},"inLanguage":"en-US","potentialAction":[{"@type":"ReadAction","target":["https:\/\/com-art.sandrine-consulting.com\/communication-digitale\/"]}]},{"@type":"BreadcrumbList","@id":"https:\/\/com-art.sandrine-consulting.com\/communication-digitale\/#breadcrumb","itemListElement":[{"@type":"ListItem","position":1,"name":"Accueil","item":"https:\/\/com-art.sandrine-consulting.com\/"},{"@type":"ListItem","position":2,"name":"Communication digitale"}]},{"@type":"WebSite","@id":"https:\/\/com-art.sandrine-consulting.com\/#website","url":"https:\/\/com-art.sandrine-consulting.com\/","name":"Com Art Sandrine Consulting","description":"Artists, quickly boost your visibility!","publisher":{"@id":"https:\/\/com-art.sandrine-consulting.com\/#organization"},"potentialAction":[{"@type":"SearchAction","target":{"@type":"EntryPoint","urlTemplate":"https:\/\/com-art.sandrine-consulting.com\/?s={search_term_string}"},"query-input":{"@type":"PropertyValueSpecification","valueRequired":true,"valueName":"search_term_string"}}],"inLanguage":"en-US"},{"@type":"Organization","@id":"https:\/\/com-art.sandrine-consulting.com\/#organization","name":"Com Art Sandrine Consulting","url":"https:\/\/com-art.sandrine-consulting.com\/","logo":{"@type":"ImageObject","inLanguage":"en-US","@id":"https:\/\/com-art.sandrine-consulting.com\/#\/schema\/logo\/image\/","url":"https:\/\/com-art.sandrine-consulting.com\/wp-content\/uploads\/2025\/04\/cropped-cropped-sandrine-consulting-com-art.png","contentUrl":"https:\/\/com-art.sandrine-consulting.com\/wp-content\/uploads\/2025\/04\/cropped-cropped-sandrine-consulting-com-art.png","width":440,"height":210,"caption":"Com Art Sandrine Consulting"},"image":{"@id":"https:\/\/com-art.sandrine-consulting.com\/#\/schema\/logo\/image\/"}}]}},"_links":{"self":[{"href":"https:\/\/com-art.sandrine-consulting.com\/en\/wp-json\/wp\/v2\/pages\/639","targetHints":{"allow":["GET"]}}],"collection":[{"href":"https:\/\/com-art.sandrine-consulting.com\/en\/wp-json\/wp\/v2\/pages"}],"about":[{"href":"https:\/\/com-art.sandrine-consulting.com\/en\/wp-json\/wp\/v2\/types\/page"}],"author":[{"embeddable":true,"href":"https:\/\/com-art.sandrine-consulting.com\/en\/wp-json\/wp\/v2\/users\/1"}],"replies":[{"embeddable":true,"href":"https:\/\/com-art.sandrine-consulting.com\/en\/wp-json\/wp\/v2\/comments?post=639"}],"version-history":[{"count":21,"href":"https:\/\/com-art.sandrine-consulting.com\/en\/wp-json\/wp\/v2\/pages\/639\/revisions"}],"predecessor-version":[{"id":1986,"href":"https:\/\/com-art.sandrine-consulting.com\/en\/wp-json\/wp\/v2\/pages\/639\/revisions\/1986"}],"wp:attachment":[{"href":"https:\/\/com-art.sandrine-consulting.com\/en\/wp-json\/wp\/v2\/media?parent=639"}],"curies":[{"name":"wp","href":"https:\/\/api.w.org\/{rel}","templated":true}]}}