{"id":654,"date":"2025-03-28T10:29:10","date_gmt":"2025-03-28T10:29:10","guid":{"rendered":"http:\/\/com-art.sandrine-consulting.com\/one-on-one-counseling"},"modified":"2025-05-06T15:42:42","modified_gmt":"2025-05-06T15:42:42","slug":"marketing-developpement","status":"publish","type":"page","link":"https:\/\/com-art.sandrine-consulting.com\/en\/marketing-developpement\/","title":{"rendered":"MARKETING &amp; DEVELOPMENT"},"content":{"rendered":"<div data-elementor-type=\"wp-page\" data-elementor-id=\"654\" class=\"elementor elementor-654\">\n\t\t\t\t<div class=\"elementor-element elementor-element-af06a59 e-flex e-con-boxed e-con e-parent\" data-id=\"af06a59\" data-element_type=\"container\" data-settings=\"{&quot;background_background&quot;:&quot;classic&quot;}\">\n\t\t\t\t\t<div class=\"e-con-inner\">\n\t\t<div class=\"elementor-element elementor-element-60116ce e-con-full e-flex e-con e-child\" data-id=\"60116ce\" data-element_type=\"container\">\n\t\t\t\t<div class=\"elementor-element elementor-element-fde6286 elementor-widget elementor-widget-heading\" data-id=\"fde6286\" data-element_type=\"widget\" data-widget_type=\"heading.default\">\n\t\t\t\t<div class=\"elementor-widget-container\">\n\t\t\t\t\t<h6 class=\"elementor-heading-title elementor-size-default\">Let's work together<\/h6>\t\t\t\t<\/div>\n\t\t\t\t<\/div>\n\t\t\t\t<div class=\"elementor-element elementor-element-1f84df0 elementor-widget elementor-widget-heading\" data-id=\"1f84df0\" data-element_type=\"widget\" data-widget_type=\"heading.default\">\n\t\t\t\t<div class=\"elementor-widget-container\">\n\t\t\t\t\t<h1 class=\"elementor-heading-title elementor-size-default\">Marketing and development support<\/h1>\t\t\t\t<\/div>\n\t\t\t\t<\/div>\n\t\t\t\t<\/div>\n\t\t\t\t\t<\/div>\n\t\t\t\t<\/div>\n\t\t<div class=\"elementor-element elementor-element-5dfec0f e-flex e-con-boxed e-con e-parent\" data-id=\"5dfec0f\" data-element_type=\"container\" data-settings=\"{&quot;background_background&quot;:&quot;gradient&quot;}\">\n\t\t\t\t\t<div class=\"e-con-inner\">\n\t\t<div class=\"elementor-element elementor-element-23adc63 e-con-full e-flex e-con e-child\" data-id=\"23adc63\" data-element_type=\"container\">\n\t\t<div class=\"elementor-element elementor-element-5537ae5 e-flex e-con-boxed e-con e-child\" data-id=\"5537ae5\" data-element_type=\"container\">\n\t\t\t\t\t<div class=\"e-con-inner\">\n\t\t<div class=\"elementor-element elementor-element-2a7f2ab e-con-full e-flex e-con e-child\" data-id=\"2a7f2ab\" data-element_type=\"container\" data-settings=\"{&quot;background_background&quot;:&quot;classic&quot;}\">\n\t\t\t\t<div class=\"elementor-element elementor-element-50ea605 elementor-widget-divider--view-line elementor-widget elementor-widget-divider\" data-id=\"50ea605\" data-element_type=\"widget\" data-widget_type=\"divider.default\">\n\t\t\t\t<div class=\"elementor-widget-container\">\n\t\t\t\t\t\t\t<div class=\"elementor-divider\">\n\t\t\t<span class=\"elementor-divider-separator\">\n\t\t\t\t\t\t<\/span>\n\t\t<\/div>\n\t\t\t\t\t\t<\/div>\n\t\t\t\t<\/div>\n\t\t\t\t<div class=\"elementor-element elementor-element-efbeb72 elementor-widget elementor-widget-heading\" data-id=\"efbeb72\" data-element_type=\"widget\" data-widget_type=\"heading.default\">\n\t\t\t\t<div class=\"elementor-widget-container\">\n\t\t\t\t\t<h3 class=\"elementor-heading-title elementor-size-default\">Boost your notoriety, your sales and advance your artistic career.<\/h3>\t\t\t\t<\/div>\n\t\t\t\t<\/div>\n\t\t\t\t<\/div>\n\t\t<div class=\"elementor-element elementor-element-ab7174c e-con-full e-flex e-con e-child\" data-id=\"ab7174c\" data-element_type=\"container\">\n\t\t\t\t<div class=\"elementor-element elementor-element-c0ec685 elementor-widget__width-initial elementor-widget elementor-widget-heading\" data-id=\"c0ec685\" data-element_type=\"widget\" data-widget_type=\"heading.default\">\n\t\t\t\t<div class=\"elementor-widget-container\">\n\t\t\t\t\t<h5 class=\"elementor-heading-title elementor-size-default\">As an artist, you need to make yourself known, sell, and create opportunities. I offer comprehensive support, both strategic and human, to structure your development and boost your career.\n\n<\/h5>\t\t\t\t<\/div>\n\t\t\t\t<\/div>\n\t\t\t\t<div class=\"elementor-element elementor-element-367034b elementor-icon-list--layout-traditional elementor-list-item-link-full_width elementor-widget elementor-widget-icon-list\" data-id=\"367034b\" data-element_type=\"widget\" data-widget_type=\"icon-list.default\">\n\t\t\t\t<div class=\"elementor-widget-container\">\n\t\t\t\t\t\t\t<ul class=\"elementor-icon-list-items\">\n\t\t\t\t\t\t\t<li class=\"elementor-icon-list-item\">\n\t\t\t\t\t\t\t\t\t\t\t<span class=\"elementor-icon-list-icon\">\n\t\t\t\t\t\t\t<svg aria-hidden=\"true\" class=\"e-font-icon-svg e-fas-check\" viewbox=\"0 0 512 512\" xmlns=\"http:\/\/www.w3.org\/2000\/svg\"><path d=\"M173.898 439.404l-166.4-166.4c-9.997-9.997-9.997-26.206 0-36.204l36.203-36.204c9.997-9.998 26.207-9.998 36.204 0L192 312.69 432.095 72.596c9.997-9.997 26.207-9.997 36.204 0l36.203 36.204c9.997 9.997 9.997 26.206 0 36.204l-294.4 294.401c-9.998 9.997-26.207 9.997-36.204-.001z\"><\/path><\/svg>\t\t\t\t\t\t<\/span>\n\t\t\t\t\t\t\t\t\t\t<span class=\"elementor-icon-list-text\">Personalized diagnosis of your current visibility<\/span>\n\t\t\t\t\t\t\t\t\t<\/li>\n\t\t\t\t\t\t\t\t<li class=\"elementor-icon-list-item\">\n\t\t\t\t\t\t\t\t\t\t\t<span class=\"elementor-icon-list-icon\">\n\t\t\t\t\t\t\t<svg aria-hidden=\"true\" class=\"e-font-icon-svg e-fas-check\" viewbox=\"0 0 512 512\" xmlns=\"http:\/\/www.w3.org\/2000\/svg\"><path d=\"M173.898 439.404l-166.4-166.4c-9.997-9.997-9.997-26.206 0-36.204l36.203-36.204c9.997-9.998 26.207-9.998 36.204 0L192 312.69 432.095 72.596c9.997-9.997 26.207-9.997 36.204 0l36.203 36.204c9.997 9.997 9.997 26.206 0 36.204l-294.4 294.401c-9.998 9.997-26.207 9.997-36.204-.001z\"><\/path><\/svg>\t\t\t\t\t\t<\/span>\n\t\t\t\t\t\t\t\t\t\t<span class=\"elementor-icon-list-text\">Implementation of a realistic and effective marketing action plan<\/span>\n\t\t\t\t\t\t\t\t\t<\/li>\n\t\t\t\t\t\t\t\t<li class=\"elementor-icon-list-item\">\n\t\t\t\t\t\t\t\t\t\t\t<span class=\"elementor-icon-list-icon\">\n\t\t\t\t\t\t\t<svg aria-hidden=\"true\" class=\"e-font-icon-svg e-fas-check\" viewbox=\"0 0 512 512\" xmlns=\"http:\/\/www.w3.org\/2000\/svg\"><path d=\"M173.898 439.404l-166.4-166.4c-9.997-9.997-9.997-26.206 0-36.204l36.203-36.204c9.997-9.998 26.207-9.998 36.204 0L192 312.69 432.095 72.596c9.997-9.997 26.207-9.997 36.204 0l36.203 36.204c9.997 9.997 9.997 26.206 0 36.204l-294.4 294.401c-9.998 9.997-26.207 9.997-36.204-.001z\"><\/path><\/svg>\t\t\t\t\t\t<\/span>\n\t\t\t\t\t\t\t\t\t\t<span class=\"elementor-icon-list-text\">Help in defining your objectives (sales, exhibitions, gallery prospecting)<\/span>\n\t\t\t\t\t\t\t\t\t<\/li>\n\t\t\t\t\t\t\t\t<li class=\"elementor-icon-list-item\">\n\t\t\t\t\t\t\t\t\t\t\t<span class=\"elementor-icon-list-icon\">\n\t\t\t\t\t\t\t<svg aria-hidden=\"true\" class=\"e-font-icon-svg e-fas-check\" viewbox=\"0 0 512 512\" xmlns=\"http:\/\/www.w3.org\/2000\/svg\"><path d=\"M173.898 439.404l-166.4-166.4c-9.997-9.997-9.997-26.206 0-36.204l36.203-36.204c9.997-9.998 26.207-9.998 36.204 0L192 312.69 432.095 72.596c9.997-9.997 26.207-9.997 36.204 0l36.203 36.204c9.997 9.997 9.997 26.206 0 36.204l-294.4 294.401c-9.998 9.997-26.207 9.997-36.204-.001z\"><\/path><\/svg>\t\t\t\t\t\t<\/span>\n\t\t\t\t\t\t\t\t\t\t<span class=\"elementor-icon-list-text\">Recommendations on online sales or visibility platforms<\/span>\n\t\t\t\t\t\t\t\t\t<\/li>\n\t\t\t\t\t\t\t\t<li class=\"elementor-icon-list-item\">\n\t\t\t\t\t\t\t\t\t\t\t<span class=\"elementor-icon-list-icon\">\n\t\t\t\t\t\t\t<svg aria-hidden=\"true\" class=\"e-font-icon-svg e-fas-check\" viewbox=\"0 0 512 512\" xmlns=\"http:\/\/www.w3.org\/2000\/svg\"><path d=\"M173.898 439.404l-166.4-166.4c-9.997-9.997-9.997-26.206 0-36.204l36.203-36.204c9.997-9.998 26.207-9.998 36.204 0L192 312.69 432.095 72.596c9.997-9.997 26.207-9.997 36.204 0l36.203 36.204c9.997 9.997 9.997 26.206 0 36.204l-294.4 294.401c-9.998 9.997-26.207 9.997-36.204-.001z\"><\/path><\/svg>\t\t\t\t\t\t<\/span>\n\t\t\t\t\t\t\t\t\t\t<span class=\"elementor-icon-list-text\">Coaching for applying for exhibitions, residencies or competitions<\/span>\n\t\t\t\t\t\t\t\t\t<\/li>\n\t\t\t\t\t\t\t\t<li class=\"elementor-icon-list-item\">\n\t\t\t\t\t\t\t\t\t\t\t<span class=\"elementor-icon-list-icon\">\n\t\t\t\t\t\t\t<svg aria-hidden=\"true\" class=\"e-font-icon-svg e-fas-check\" viewbox=\"0 0 512 512\" xmlns=\"http:\/\/www.w3.org\/2000\/svg\"><path d=\"M173.898 439.404l-166.4-166.4c-9.997-9.997-9.997-26.206 0-36.204l36.203-36.204c9.997-9.998 26.207-9.998 36.204 0L192 312.69 432.095 72.596c9.997-9.997 26.207-9.997 36.204 0l36.203 36.204c9.997 9.997 9.997 26.206 0 36.204l-294.4 294.401c-9.998 9.997-26.207 9.997-36.204-.001z\"><\/path><\/svg>\t\t\t\t\t\t<\/span>\n\t\t\t\t\t\t\t\t\t\t<span class=\"elementor-icon-list-text\">Performance monitoring and regular adjustments<\/span>\n\t\t\t\t\t\t\t\t\t<\/li>\n\t\t\t\t\t\t\t\t<li class=\"elementor-icon-list-item\">\n\t\t\t\t\t\t\t\t\t\t\t<span class=\"elementor-icon-list-icon\">\n\t\t\t\t\t\t\t<svg aria-hidden=\"true\" class=\"e-font-icon-svg e-fas-check\" viewbox=\"0 0 512 512\" xmlns=\"http:\/\/www.w3.org\/2000\/svg\"><path d=\"M173.898 439.404l-166.4-166.4c-9.997-9.997-9.997-26.206 0-36.204l36.203-36.204c9.997-9.998 26.207-9.998 36.204 0L192 312.69 432.095 72.596c9.997-9.997 26.207-9.997 36.204 0l36.203 36.204c9.997 9.997 9.997 26.206 0 36.204l-294.4 294.401c-9.998 9.997-26.207 9.997-36.204-.001z\"><\/path><\/svg>\t\t\t\t\t\t<\/span>\n\t\t\t\t\t\t\t\t\t\t<span class=\"elementor-icon-list-text\">Possibility of helping you create your professional presentation file or your press kit<\/span>\n\t\t\t\t\t\t\t\t\t<\/li>\n\t\t\t\t\t\t\t\t<li class=\"elementor-icon-list-item\">\n\t\t\t\t\t\t\t\t\t\t\t<span class=\"elementor-icon-list-icon\">\n\t\t\t\t\t\t\t<svg aria-hidden=\"true\" class=\"e-font-icon-svg e-fas-check\" viewbox=\"0 0 512 512\" xmlns=\"http:\/\/www.w3.org\/2000\/svg\"><path d=\"M173.898 439.404l-166.4-166.4c-9.997-9.997-9.997-26.206 0-36.204l36.203-36.204c9.997-9.998 26.207-9.998 36.204 0L192 312.69 432.095 72.596c9.997-9.997 26.207-9.997 36.204 0l36.203 36.204c9.997 9.997 9.997 26.206 0 36.204l-294.4 294.401c-9.998 9.997-26.207 9.997-36.204-.001z\"><\/path><\/svg>\t\t\t\t\t\t<\/span>\n\t\t\t\t\t\t\t\t\t\t<span class=\"elementor-icon-list-text\">Strategic support on administrative, legal and accounting aspects to secure and calmly structure your artistic activity<\/span>\n\t\t\t\t\t\t\t\t\t<\/li>\n\t\t\t\t\t\t<\/ul>\n\t\t\t\t\t\t<\/div>\n\t\t\t\t<\/div>\n\t\t\t\t<\/div>\n\t\t\t\t\t<\/div>\n\t\t\t\t<\/div>\n\t\t\t\t<\/div>\n\t\t\t\t\t<\/div>\n\t\t\t\t<\/div>\n\t\t<div class=\"elementor-element elementor-element-fb6b564 e-flex e-con-boxed e-con e-parent\" data-id=\"fb6b564\" data-element_type=\"container\">\n\t\t\t\t\t<div class=\"e-con-inner\">\n\t\t\t\t<div class=\"elementor-element elementor-element-bd3d31c elementor-widget elementor-widget-spacer\" data-id=\"bd3d31c\" data-element_type=\"widget\" data-widget_type=\"spacer.default\">\n\t\t\t\t<div class=\"elementor-widget-container\">\n\t\t\t\t\t\t\t<div class=\"elementor-spacer\">\n\t\t\t<div class=\"elementor-spacer-inner\"><\/div>\n\t\t<\/div>\n\t\t\t\t\t\t<\/div>\n\t\t\t\t<\/div>\n\t\t\t\t\t<\/div>\n\t\t\t\t<\/div>\n\t\t<div class=\"elementor-element elementor-element-981a65e e-flex e-con-boxed e-con e-parent\" data-id=\"981a65e\" data-element_type=\"container\">\n\t\t\t\t\t<div class=\"e-con-inner\">\n\t\t<div class=\"elementor-element elementor-element-243230b e-con-full e-flex e-con e-child\" data-id=\"243230b\" data-element_type=\"container\">\n\t\t\t\t<div class=\"elementor-element elementor-element-a4f46e2 elementor-widget__width-initial elementor-widget elementor-widget-heading\" data-id=\"a4f46e2\" data-element_type=\"widget\" data-widget_type=\"heading.default\">\n\t\t\t\t<div class=\"elementor-widget-container\">\n\t\t\t\t\t<h4 class=\"elementor-heading-title elementor-size-default\">This support can be one-off or long-term, depending on your needs.\nIt is always 100% tailored, centered around your art and your aspirations.\n\n<\/h4>\t\t\t\t<\/div>\n\t\t\t\t<\/div>\n\t\t\t\t<\/div>\n\t\t<div class=\"elementor-element elementor-element-b3750a1 e-con-full e-flex e-con e-child\" data-id=\"b3750a1\" data-element_type=\"container\">\n\t\t\t\t<div class=\"elementor-element elementor-element-2b33397 elementor-widget elementor-widget-button\" data-id=\"2b33397\" data-element_type=\"widget\" data-widget_type=\"button.default\">\n\t\t\t\t<div class=\"elementor-widget-container\">\n\t\t\t\t\t\t\t\t\t<div class=\"elementor-button-wrapper\">\n\t\t\t\t\t<a class=\"elementor-button elementor-button-link elementor-size-sm\" href=\"http:\/\/com-art.sandrine-consulting.com\/en\/contact\/\">\n\t\t\t\t\t\t<span class=\"elementor-button-content-wrapper\">\n\t\t\t\t\t\t\t\t\t<span class=\"elementor-button-text\">Let's talk about it together<\/span>\n\t\t\t\t\t<\/span>\n\t\t\t\t\t<\/a>\n\t\t\t\t<\/div>\n\t\t\t\t\t\t\t\t<\/div>\n\t\t\t\t<\/div>\n\t\t\t\t<\/div>\n\t\t\t\t\t<\/div>\n\t\t\t\t<\/div>\n\t\t<div class=\"elementor-element elementor-element-f88b097 e-flex e-con-boxed e-con e-parent\" data-id=\"f88b097\" data-element_type=\"container\">\n\t\t\t\t\t<div class=\"e-con-inner\">\n\t\t\t\t\t<\/div>\n\t\t\t\t<\/div>\n\t\t\t\t<\/div>","protected":false},"excerpt":{"rendered":"<p>Travaillons ensemble Accompagnement marketing et d\u00e9veloppement Booster votre notori\u00e9t\u00e9, vos ventes et faire avancer votre carri\u00e8re artistique. Vous \u00eates artiste et vous devez aujourd\u2019hui vous faire conna\u00eetre, vendre, cr\u00e9er des opportunit\u00e9s. Je vous propose un accompagnement global, \u00e0 la fois strat\u00e9gique et humain, pour structurer votre d\u00e9veloppement et donner un coup d\u2019acc\u00e9l\u00e9rateur \u00e0 votre carri\u00e8re. [&hellip;]<\/p>","protected":false},"author":1,"featured_media":0,"parent":0,"menu_order":0,"comment_status":"closed","ping_status":"closed","template":"","meta":{"site-sidebar-layout":"no-sidebar","site-content-layout":"page-builder","ast-site-content-layout":"full-width-container","site-content-style":"unboxed","site-sidebar-style":"unboxed","ast-global-header-display":"","ast-banner-title-visibility":"","ast-main-header-display":"","ast-hfb-above-header-display":"","ast-hfb-below-header-display":"","ast-hfb-mobile-header-display":"","site-post-title":"disabled","ast-breadcrumbs-content":"disabled","ast-featured-img":"disabled","footer-sml-layout":"","theme-transparent-header-meta":"default","adv-header-id-meta":"","stick-header-meta":"","header-above-stick-meta":"","header-main-stick-meta":"","header-below-stick-meta":"","astra-migrate-meta-layouts":"set","ast-page-background-enabled":"default","ast-page-background-meta":{"desktop":{"background-color":"","background-image":"","background-repeat":"repeat","background-position":"center center","background-size":"auto","background-attachment":"scroll","background-type":"","background-media":"","overlay-type":"","overlay-color":"","overlay-opacity":"","overlay-gradient":""},"tablet":{"background-color":"","background-image":"","background-repeat":"repeat","background-position":"center center","background-size":"auto","background-attachment":"scroll","background-type":"","background-media":"","overlay-type":"","overlay-color":"","overlay-opacity":"","overlay-gradient":""},"mobile":{"background-color":"","background-image":"","background-repeat":"repeat","background-position":"center center","background-size":"auto","background-attachment":"scroll","background-type":"","background-media":"","overlay-type":"","overlay-color":"","overlay-opacity":"","overlay-gradient":""}},"ast-content-background-meta":{"desktop":{"background-color":"var(--ast-global-color-5)","background-image":"","background-repeat":"repeat","background-position":"center center","background-size":"auto","background-attachment":"scroll","background-type":"","background-media":"","overlay-type":"","overlay-color":"","overlay-opacity":"","overlay-gradient":""},"tablet":{"background-color":"var(--ast-global-color-5)","background-image":"","background-repeat":"repeat","background-position":"center center","background-size":"auto","background-attachment":"scroll","background-type":"","background-media":"","overlay-type":"","overlay-color":"","overlay-opacity":"","overlay-gradient":""},"mobile":{"background-color":"var(--ast-global-color-5)","background-image":"","background-repeat":"repeat","background-position":"center center","background-size":"auto","background-attachment":"scroll","background-type":"","background-media":"","overlay-type":"","overlay-color":"","overlay-opacity":"","overlay-gradient":""}},"footnotes":""},"class_list":["post-654","page","type-page","status-publish","hentry"],"yoast_head":"<!-- This site is optimized with the Yoast SEO plugin v25.9 - https:\/\/yoast.com\/wordpress\/plugins\/seo\/ -->\n<title>Marketing &amp; D\u00e9veloppement - Com Art - Sandrine Consulting<\/title>\n<meta name=\"robots\" content=\"index, follow, max-snippet:-1, max-image-preview:large, max-video-preview:-1\" \/>\n<link rel=\"canonical\" href=\"https:\/\/com-art.sandrine-consulting.com\/en\/marketing-developpement\/\" \/>\n<meta property=\"og:locale\" content=\"en_US\" \/>\n<meta property=\"og:type\" content=\"article\" \/>\n<meta property=\"og:title\" content=\"Marketing &amp; D\u00e9veloppement - Com Art - Sandrine Consulting\" \/>\n<meta property=\"og:description\" content=\"Travaillons ensemble Accompagnement marketing et d\u00e9veloppement Booster votre notori\u00e9t\u00e9, vos ventes et faire avancer votre carri\u00e8re artistique. Vous \u00eates artiste et vous devez aujourd\u2019hui vous faire conna\u00eetre, vendre, cr\u00e9er des opportunit\u00e9s. Je vous propose un accompagnement global, \u00e0 la fois strat\u00e9gique et humain, pour structurer votre d\u00e9veloppement et donner un coup d\u2019acc\u00e9l\u00e9rateur \u00e0 votre carri\u00e8re. [&hellip;]\" \/>\n<meta property=\"og:url\" content=\"https:\/\/com-art.sandrine-consulting.com\/en\/marketing-developpement\/\" \/>\n<meta property=\"og:site_name\" content=\"Com Art - Sandrine Consulting\" \/>\n<meta property=\"article:modified_time\" content=\"2025-05-06T15:42:42+00:00\" \/>\n<meta name=\"twitter:card\" content=\"summary_large_image\" \/>\n<meta name=\"twitter:label1\" content=\"Est. reading time\" \/>\n\t<meta name=\"twitter:data1\" content=\"3 minutes\" \/>\n<script type=\"application\/ld+json\" class=\"yoast-schema-graph\">{\"@context\":\"https:\/\/schema.org\",\"@graph\":[{\"@type\":\"WebPage\",\"@id\":\"https:\/\/com-art.sandrine-consulting.com\/marketing-developpement\/\",\"url\":\"https:\/\/com-art.sandrine-consulting.com\/marketing-developpement\/\",\"name\":\"Marketing &amp; D\u00e9veloppement - Com Art - Sandrine Consulting\",\"isPartOf\":{\"@id\":\"https:\/\/com-art.sandrine-consulting.com\/#website\"},\"datePublished\":\"2025-03-28T10:29:10+00:00\",\"dateModified\":\"2025-05-06T15:42:42+00:00\",\"breadcrumb\":{\"@id\":\"https:\/\/com-art.sandrine-consulting.com\/marketing-developpement\/#breadcrumb\"},\"inLanguage\":\"en-US\",\"potentialAction\":[{\"@type\":\"ReadAction\",\"target\":[\"https:\/\/com-art.sandrine-consulting.com\/marketing-developpement\/\"]}]},{\"@type\":\"BreadcrumbList\",\"@id\":\"https:\/\/com-art.sandrine-consulting.com\/marketing-developpement\/#breadcrumb\",\"itemListElement\":[{\"@type\":\"ListItem\",\"position\":1,\"name\":\"Accueil\",\"item\":\"https:\/\/com-art.sandrine-consulting.com\/\"},{\"@type\":\"ListItem\",\"position\":2,\"name\":\"Marketing &amp; D\u00e9veloppement\"}]},{\"@type\":\"WebSite\",\"@id\":\"https:\/\/com-art.sandrine-consulting.com\/#website\",\"url\":\"https:\/\/com-art.sandrine-consulting.com\/\",\"name\":\"Com Art Sandrine Consulting\",\"description\":\"Artistes, boostez rapidement votre visibilit\u00e9 !\",\"publisher\":{\"@id\":\"https:\/\/com-art.sandrine-consulting.com\/#organization\"},\"potentialAction\":[{\"@type\":\"SearchAction\",\"target\":{\"@type\":\"EntryPoint\",\"urlTemplate\":\"https:\/\/com-art.sandrine-consulting.com\/?s={search_term_string}\"},\"query-input\":{\"@type\":\"PropertyValueSpecification\",\"valueRequired\":true,\"valueName\":\"search_term_string\"}}],\"inLanguage\":\"en-US\"},{\"@type\":\"Organization\",\"@id\":\"https:\/\/com-art.sandrine-consulting.com\/#organization\",\"name\":\"Com Art Sandrine Consulting\",\"url\":\"https:\/\/com-art.sandrine-consulting.com\/\",\"logo\":{\"@type\":\"ImageObject\",\"inLanguage\":\"en-US\",\"@id\":\"https:\/\/com-art.sandrine-consulting.com\/#\/schema\/logo\/image\/\",\"url\":\"https:\/\/com-art.sandrine-consulting.com\/wp-content\/uploads\/2025\/04\/cropped-cropped-sandrine-consulting-com-art.png\",\"contentUrl\":\"https:\/\/com-art.sandrine-consulting.com\/wp-content\/uploads\/2025\/04\/cropped-cropped-sandrine-consulting-com-art.png\",\"width\":440,\"height\":210,\"caption\":\"Com Art Sandrine Consulting\"},\"image\":{\"@id\":\"https:\/\/com-art.sandrine-consulting.com\/#\/schema\/logo\/image\/\"}}]}<\/script>\n<!-- \/ Yoast SEO plugin. -->","yoast_head_json":{"title":"Marketing &amp; D\u00e9veloppement - Com Art - Sandrine Consulting","robots":{"index":"index","follow":"follow","max-snippet":"max-snippet:-1","max-image-preview":"max-image-preview:large","max-video-preview":"max-video-preview:-1"},"canonical":"https:\/\/com-art.sandrine-consulting.com\/en\/marketing-developpement\/","og_locale":"en_US","og_type":"article","og_title":"Marketing &amp; D\u00e9veloppement - Com Art - Sandrine Consulting","og_description":"Travaillons ensemble Accompagnement marketing et d\u00e9veloppement Booster votre notori\u00e9t\u00e9, vos ventes et faire avancer votre carri\u00e8re artistique. Vous \u00eates artiste et vous devez aujourd\u2019hui vous faire conna\u00eetre, vendre, cr\u00e9er des opportunit\u00e9s. Je vous propose un accompagnement global, \u00e0 la fois strat\u00e9gique et humain, pour structurer votre d\u00e9veloppement et donner un coup d\u2019acc\u00e9l\u00e9rateur \u00e0 votre carri\u00e8re. [&hellip;]","og_url":"https:\/\/com-art.sandrine-consulting.com\/en\/marketing-developpement\/","og_site_name":"Com Art - Sandrine Consulting","article_modified_time":"2025-05-06T15:42:42+00:00","twitter_card":"summary_large_image","twitter_misc":{"Est. reading time":"3 minutes"},"schema":{"@context":"https:\/\/schema.org","@graph":[{"@type":"WebPage","@id":"https:\/\/com-art.sandrine-consulting.com\/marketing-developpement\/","url":"https:\/\/com-art.sandrine-consulting.com\/marketing-developpement\/","name":"Marketing &amp; D\u00e9veloppement - Com Art - Sandrine Consulting","isPartOf":{"@id":"https:\/\/com-art.sandrine-consulting.com\/#website"},"datePublished":"2025-03-28T10:29:10+00:00","dateModified":"2025-05-06T15:42:42+00:00","breadcrumb":{"@id":"https:\/\/com-art.sandrine-consulting.com\/marketing-developpement\/#breadcrumb"},"inLanguage":"en-US","potentialAction":[{"@type":"ReadAction","target":["https:\/\/com-art.sandrine-consulting.com\/marketing-developpement\/"]}]},{"@type":"BreadcrumbList","@id":"https:\/\/com-art.sandrine-consulting.com\/marketing-developpement\/#breadcrumb","itemListElement":[{"@type":"ListItem","position":1,"name":"Accueil","item":"https:\/\/com-art.sandrine-consulting.com\/"},{"@type":"ListItem","position":2,"name":"Marketing &amp; D\u00e9veloppement"}]},{"@type":"WebSite","@id":"https:\/\/com-art.sandrine-consulting.com\/#website","url":"https:\/\/com-art.sandrine-consulting.com\/","name":"Com Art Sandrine Consulting","description":"Artists, quickly boost your visibility!","publisher":{"@id":"https:\/\/com-art.sandrine-consulting.com\/#organization"},"potentialAction":[{"@type":"SearchAction","target":{"@type":"EntryPoint","urlTemplate":"https:\/\/com-art.sandrine-consulting.com\/?s={search_term_string}"},"query-input":{"@type":"PropertyValueSpecification","valueRequired":true,"valueName":"search_term_string"}}],"inLanguage":"en-US"},{"@type":"Organization","@id":"https:\/\/com-art.sandrine-consulting.com\/#organization","name":"Com Art Sandrine Consulting","url":"https:\/\/com-art.sandrine-consulting.com\/","logo":{"@type":"ImageObject","inLanguage":"en-US","@id":"https:\/\/com-art.sandrine-consulting.com\/#\/schema\/logo\/image\/","url":"https:\/\/com-art.sandrine-consulting.com\/wp-content\/uploads\/2025\/04\/cropped-cropped-sandrine-consulting-com-art.png","contentUrl":"https:\/\/com-art.sandrine-consulting.com\/wp-content\/uploads\/2025\/04\/cropped-cropped-sandrine-consulting-com-art.png","width":440,"height":210,"caption":"Com Art Sandrine Consulting"},"image":{"@id":"https:\/\/com-art.sandrine-consulting.com\/#\/schema\/logo\/image\/"}}]}},"_links":{"self":[{"href":"https:\/\/com-art.sandrine-consulting.com\/en\/wp-json\/wp\/v2\/pages\/654","targetHints":{"allow":["GET"]}}],"collection":[{"href":"https:\/\/com-art.sandrine-consulting.com\/en\/wp-json\/wp\/v2\/pages"}],"about":[{"href":"https:\/\/com-art.sandrine-consulting.com\/en\/wp-json\/wp\/v2\/types\/page"}],"author":[{"embeddable":true,"href":"https:\/\/com-art.sandrine-consulting.com\/en\/wp-json\/wp\/v2\/users\/1"}],"replies":[{"embeddable":true,"href":"https:\/\/com-art.sandrine-consulting.com\/en\/wp-json\/wp\/v2\/comments?post=654"}],"version-history":[{"count":20,"href":"https:\/\/com-art.sandrine-consulting.com\/en\/wp-json\/wp\/v2\/pages\/654\/revisions"}],"predecessor-version":[{"id":1993,"href":"https:\/\/com-art.sandrine-consulting.com\/en\/wp-json\/wp\/v2\/pages\/654\/revisions\/1993"}],"wp:attachment":[{"href":"https:\/\/com-art.sandrine-consulting.com\/en\/wp-json\/wp\/v2\/media?parent=654"}],"curies":[{"name":"wp","href":"https:\/\/api.w.org\/{rel}","templated":true}]}}